{"id":45,"date":"2010-01-22T10:35:17","date_gmt":"2010-01-22T08:35:17","guid":{"rendered":"http:\/\/www.fabriziomarozzo.it\/?page_id=45"},"modified":"2022-08-23T13:47:39","modified_gmt":"2022-08-23T13:47:39","slug":"citazioni","status":"publish","type":"page","link":"https:\/\/scalab.dimes.unical.it\/marozzo\/citazioni\/","title":{"rendered":"Quotes"},"content":{"rendered":"<p>\u00ab Succhiare il midollo della vita non significa strozzarsi con l&#8217;osso, c&#8217;\u00e8 un tempo per il coraggio ed un tempo per la cautela ed il vero uomo sa come distinguerli\u00bb &#8211; Keating<\/p>\n<p>\u00ab Se torturi i numeri abbastanza a lungo, confesseranno qualsiasi cosa \u00bb &#8211; Gregg Easterbrook<\/p>\n<p>\u00ab Gli uomini credono volentieri ci\u00f2 che desiderano sia vero \u00bb &#8211; Giulio Cesare<\/p>\n<p>\u00ab Tutti gli uomini sono mortali, tutti i Greci sono uomini, quindi tutti i Greci sono mortali \u00bb &#8211; Aristotele<\/p>\n<p>\u00ab Bisogna guardare la sostanza non la forma \u00bb MA \u00ab la forma fa la sostanza \u00bb<\/p>\n<p>\u00ab Se vuoi custodire un segreto custodiscilo dentro di te. \u00bb &#8211; Seneca<\/p>\n<p>\u00ab Le difficolt\u00e0 rafforzano la mente, come la fatica rafforza il corpo. \u00bb &#8211; Seneca<\/p>\n<p>\u00ab Prima vedere moneta poi dare cammello. \u00bb<\/p>\n<p>\u00ab Un vincente trova sempre una strada, un perdente trova sempre una scusa. \u00bb<\/p>\n<p>\u00ab Il sapere si pone di per s\u00e9 come un ostacolo al delirio d&#8217;onnipotenza del denaro e dell&#8217;utilitarismo. Tutto si pu\u00f2 comprare \u00e8 vero&#8230; Ma non la conoscenza: il prezzo da pagare per conoscere \u00e8 di ben altra natura. Neanche un assegno in bianco potr\u00e0 consentirci di acquisire meccanicamente ci\u00f2 che \u00e8 esclusivo frutto di uno sforzo individuale e di una inesauribile passione. Nessuno insomma ci potr\u00e0 compiere al nostro posto quel faticoso percorso che ci permetter\u00e0 di apprendere. Da L&#8217;Utilit\u00e0 dell&#8217;Inutile \u00bb &#8211; Nuccio Ordine.<\/p>\n<p>\u00ab Non studiate per pi\u00f9 di una-due ore di fila: uno studio quotidiano da sempre da sempre risultati di maggiore qualit\u00e0 e stabilit\u00e0. Quando lo studente si attende un progresso rapido e anzi immediato, il fallimento \u00e8 sempre dietro l&#8217;angolo. Chi si avvicina ad un libro di scacchi far\u00e0 dunque meglio ad osservare un vecchio proverbio orientale: &#8220;Chi va piano va sano e va lontano&#8221; \u00bb &#8211; Nikolaj Zhuravlev.<\/p>\n<p>\u00ab Le doti che si richiedono ad uno scacchista, oltre alla abilit\u00e0 tecnica sono: la pazienza, la lealt\u00e0, il disinteresse, il rispetto delle regole del gioco, la consetudine del silenzio e della riflessione, l&#8217;astinenza dai vizi che annebbiano il cervello, l&#8217;abitudine ad agire con decisione e senza pentimenti postumi, e, finalmente, quell&#8217;entusiasmo, quel &#8220;fuoco sacro&#8221; senza del quale non si potranno mai fare che partite volgari e inanimate \u00bb &#8211; Ugo Pasquinelli.<\/p>\n<p>\u00ab Si tratta comunque di un argomentare classico di chi, a mio modo di vedere in modo strumentale, addita il caso particolare per sostenere la tesi che un settore, un gruppo di persone, un\u2019istituzione, uno sport, una disciplina, eccetera, sono \u201ctutte da sbagliate, tutte da rifare \u00bb &#8211; Paolo Valente.<\/p>\n<p>\u00ab La grandezza di chi sa si pu\u00f2 constatare anche e forse soprattutto in questo: spiegare idee e concetti, semplici o complicati, in maniera chiara, lineare e impeccabile a chi non ne sa nulla, ai neofiti, ai principianti, ai profani. \u00bb &#8211; Martin Eden.<\/p>\n<p>\u00ab La fine dipende sempre dall&#8217;inizio \u00bb &#8211; Film &#8220;Il club degli imperatori&#8221;.<\/p>\n<p>\u00ab Il tempo giusto \u00e8 adesso: Ora il momento giusto \u00e8 adesso, poich\u00e9 l\u2019adesso \u00e8 il solo tempo che c\u2019\u00e8. Il futuro sta attendendo che voi lo scriviate e quello che importa \u00e8 quello che fate ora, in questo momento. \u00bb &#8211; .<\/p>\n<p>\u00ab Bisogna presentarsi bene, dimostrarsi sempre disponibili, essere sorridenti, educati. E poi, metterci anche un pizzico di fantasia. L\u2019altro giorno, ad esempio, una signora mi ha chiesto che cosa avevo nel trolley. \u201cUn set di pentole\u201d, le ho risposto. \u201cFaccia vedere\u201d, ha replicato. Ho aperto il bagaglio e le ho detto che mi ero sbagliato di borsa. Intanto mi aveva fatto entrare in casa. Perch\u00e9 l\u2019importante \u00e8 varcare l&#8217;uscio&#8230;\u00bb. Primo, dunque, entrare in casa. E secondo? \u00abNon mollare. Si parte dal no, sempre che bisogna trasformare in ni&#8217; per poi arrivare a un si. \u00c8 questo che cerco di trasmettere ai miei agenti: hanno soprattutto bisogno di essere motivati \u00bb &#8211; .<\/p>\n<p>\u00ab Chi non lotta con coraggio non si merita l&#8217;ingaggio, chi non lotta con vigore \u00e8 peggior di un traditore, chi si estranea dalla lotta \u00e8 un gran figlio de &#8230; \u00bb &#8211; .<\/p>\n<p>\u00ab Perch\u00e9 quando incontri le difficolt\u00e0, il rischio spesso \u00e8 quello di arrendersi, tornare indietro. Invece la mia forza \u00e8 stata voler affrontare le difficolt\u00e0 e non tornare sconfitto a Lecce \u00bb &#8211; Antonio Conte.<\/p>\n<p>\u00ab A volte tutto quello che serve sono venti secondi di spudorato coraggio, davvero bastano venti secondi di imbarazzante coraggio e posso assicurarti che il risultato pu\u00f2 essere meraviglioso \u00bb &#8211; .<\/p>\n<p>\u00ab Per raggiungere un obiettivo come pu\u00f2 essere un&#8217;alta graduazione o il perfezionamento tecnico, bisogna perseverare costantemente. \u00bb &#8211; .<\/p>\n<p>\u00ab Iniziare un nuovo cammino spaventa. Ma ad ogni passo percorso ci rendiamo conto di come era pericoloso rimanere fermi \u00bb &#8211; Roberto Benigni.<\/p>\n<p>\u00ab Sul piano del lavoro, invece, sto imparando una volta di pi\u00f9 che la seriet\u00e0 paga sempre, che la forza dei comportamenti vale pi\u00f9 di mille parole e che il senso del gruppo, in una squadra, \u00e8 un valore fondamentale \u00bb &#8211; Gennaro Gattuso.<\/p>\n<p>\u00ab Il segreto di essere infelici \u00e8 di avere tempo di chiedersi continuamente se si \u00e8 felici o no \u00bb &#8211; Bernard Shaw.<\/p>\n<p>\u00ab Per come la vedo io, che sono tutto fuorch\u00e9 fascista, la liberazione dal fascismo \u00e8 servita a far s\u00ec che tutti possano dire quello che pensano: anche se quello che pensano consiste nel rimpiangere la repubblica di Sal\u00f2. Dopodich\u00e9, se davvero credete che impedire a qualcuno di esprimere le proprie idee -per quanto aberranti esse siano- equivalga a neutralizzarle, ritengo che siate degli illusi: quelle idee non solo resteranno tutte al loro posto, ma in pi\u00f9 diventeranno clandestine, fornendo a chi le propaganda l&#8217;alibi del martirio e facilitandogli il proselitismo. Io rimango convinto che le cattive idee non si combattano silenziandole, ma lasciando che vengano espresse e poi confutandole: e ne sono convinto perch\u00e9 credo nella democrazia. \u00bb &#8211; Paolo Izzo.<\/p>\n<p>\u00ab Semina un pensiero e nascer\u00e0 un&#8217;azione&#8230; Semina un&#8217;azione e nascer\u00e0 un&#8217;abitudine&#8230; Semina un&#8217;abitudine e nascer\u00e0 un carattere&#8230; Semina un carattere e nascere un destino&#8230;. \u00bb &#8211; .<\/p>\n<p>\u00ab Gli italiani perdonano tutto ma non il successo \u00bb &#8211; E. Ferrari.<\/p>\n<p>\u00ab Il gioco ideato, condotto e allenato da Antonio Conte \u00e8 il vero leader che moltiplica le qualit\u00e0 tecniche e fisiche di tutti. Antonio non solo possiede passione, entusiasmo, culturadel lavoro e perfezionismo ma ha una sensibilit\u00e0 e un talento che solo i grandi possiedono. \u00bb &#8211; A. Sacchi.<\/p>\n<p>\u00ab &#8230; L&#8217;approccio di Google \u00e8 puramente americano: provare, provare, provare e continuare a provare. Ogni tanto qualche idea va al macero (non solo Google Video, ma anche Orkut, Wave, Knot: chi erano costoro?) e ogni tanto si cambia il mondo (il motore di ricerca, Google Maps, GMail, Android). \u00bb &#8211; Luca Castelli.<\/p>\n<p>\u00ab Every Second Counts! \u00bb &#8211; Lance Armstrong.<\/p>\n<p>\u00ab A project is a temporary endeavor undertaken to create a unique product, service or result. \u00bb &#8211; PMBoK.<\/p>\n<p>\u00ab Everything should be made as simple as possible, but no simpler \u00bb &#8211; Albert Einstein.<\/p>\n<p>\u00ab Simplicity is the ultimate sophistication \u00bb &#8211; Leornardo da Vinci.<\/p>\n<p>\u00ab It seems that perfection is reached not when there is nothing left to add, but when there is nothing left to take away \u00bb &#8211; Antoine de Saint Exup\u00e9ry.<\/p>\n<p>\u00ab Apple ha la straordinaria capacit\u00e0 di individuare problemi che non pensavamo di avere \u00bb &#8211; Jessica Mintz.<\/p>\n<p>\u00ab devo combattere per le cose che posso cambiare, e ad avere pazienza senza sprecare energia su cose che non posso cambiare \u00bb &#8211; Leornardo.<\/p>\n<p>\u00ab Un disgraziato va sempre in chiesa a pregare per vincere alla lotteria. Alla decima volta sente: io ti farei vincere pure, ma almeno compra il biglietto! \u00bb &#8211; .<\/p>\n<p>\u00ab Essere colti non significa ricordare tutte le nozioni, ma sapere dove andare a cercarle \u00bb &#8211; Umberto Eco.<\/p>\n<p>\u00ab Ogni problema ha almeno una soluzione; casomai ha pi\u00f9 di una soluzione \u00bb &#8211; Cesare Romiti.<\/p>\n<p>\u00ab \u00c9variste Galois era un matematico prodigio vissuto nella prima met\u00e0 dell\u2019 800, gi\u00e0 a 16 anni aveva concepito sette teoremi matematici. Si decise a scriverli soltanto la notte prima del duello nel quale mor\u00ec, ventenne \u00bb &#8211; Sindrome di Galois.<\/p>\n<p>\u00ab Una scimmia posta davanti una tastiera di una macchina da scrivere, schiacciando tasti a caso comporr\u00e0 &#8220;prima o poi&#8221; il testo della Divina Commedia \u00bb &#8211; Paradosso di Borel.<\/p>\n<p>\u00ab Work is 1% inspiration plus 99% transpiration \u00bb &#8211; Albert Einstein.<\/p>\n<p>\u00ab Qualunque cosa abbia probabilit\u00e0 non nulla (per quanto piccola) di accadere, accadr\u00e0 quasi certamente, &#8220;a forza di provarci \u00bb &#8211; Paolo Negrini.<\/p>\n<p>\u00ab Se io do un dollaro a te e tu dai un dollaro a me, ognuno di noi ha un dollaro. Mentre se io do un&#8217;idea a te e tu un&#8217;idea a me abbiamo due idee a testa \u00bb &#8211; U. Veronesi.<\/p>\n<p>\u00ab Meglio dare una canna da pesca e insegnare a pescare piuttosto che regalare del pesce \u00bb &#8211; Proverbio cinese.<\/p>\n<p>\u00ab L\u2019inglese \u00e8 condizione di libert\u00e0; chi non lo sa, resta prigioniero di una cultura locale \u00bb &#8211; Attilio Oliva.<\/p>\n<p>\u00ab I walk slowly, but I never walk backward \u00bb &#8211; Abraham Lincoln.<\/p>\n<p>\u00ab Il genio riesce sempre a vedere la soluzione pi\u00f9 semplice, pi\u00f9 diretta, quella che, succes\u00adsivamente, gli altri troveranno ovvia. \u00bb &#8211; Francesco Alberoni.<\/p>\n<p>\u00ab Il genio non \u00e8 un uomo pi\u00f9 intelligente o pi\u00f9 abile de\u00adgli altri, ma uno che pensa in modo diver\u00adso e fa cose che essi non potrebbero mai fare \u00bb &#8211; Francesco Alberoni.<\/p>\n<p>\u00ab L&#8217;unico limite \u00e8 la fantasia. \u00bb &#8211; .<\/p>\n<p>\u00ab Uno su un milione \u00e8 approssimativamente la probabili\u00adt\u00e0 di un parto trigemellare monozi\u00adgote.. Uno su seicento e rotti milioni \u00e8 la probabilit\u00e0 di vincere al SuperEnalot\u00adto!! \u00bb &#8211; .<\/p>\n<p>\u00ab Poich\u00e9 il verificarsi di un evento di probabilit\u00e0 molto piccola \u00e8 sempre poco credibile, il vincitore della lotteria dovrebbe ve\u00adnire arrestato! \u00bb &#8211; Corrado Gini.<\/p>\n<p>\u00ab Dopo la sconfitta arriver\u00f2 ancora pi\u00f9 presto in allenamento \u00bb &#8211; Mourinho.<\/p>\n<p>\u00ab Non aggiungere elementi nuovi quando non servono. Ipotesi pi\u00f9 semplici sono quelle pi\u00f9 probabili. \u00bb &#8211; Occam.<\/p>\n<p>\u00ab La mente \u00e8 in grado di ricordare: il 10% di ci\u00f2 che viene letto, il 20% di ci\u00f2 che viene ascoltato, il 30% di ci\u00f2 che viene visto, l&#8217; 80% di ci\u00f2 che viene ripetuto o descritto liberamente a parole e il 90% di ci\u00f2 che viene detto e fatto allo stesso tempo. \u00bb &#8211; .<\/p>\n<p>\u00ab Cento che agiscano sempre di concerto e d&#8217;accordo prevarranno sempre su mille che agiscano liberamente \u00bb &#8211; Gaetano Mosca.<\/p>\n<p>\u00ab To be, or not to be: that is the question \u00bb &#8211; William Shakespeare.<\/p>\n<p>\u00ab Work is 1% inspiration plus 99% transpiration \u00bb &#8211; Albert Einstein. <em>My modified version<\/em> \u00ab Work is 1% inspiration, plus 10% organization and 89% transpiration \u00bb.<\/p>\n","protected":false},"excerpt":{"rendered":"<p>\u00ab Succhiare il midollo della vita non significa strozzarsi con l&#8217;osso, c&#8217;\u00e8 un tempo per il coraggio ed un tempo per la cautela ed il vero uomo sa come distinguerli\u00bb &#8211; Keating \u00ab Se torturi i numeri abbastanza a lungo, confesseranno qualsiasi cosa \u00bb &#8211; Gregg Easterbrook \u00ab Gli uomini credono volentieri ci\u00f2 che desiderano&#8230;<\/p>\n","protected":false},"author":4,"featured_media":0,"parent":0,"menu_order":1000,"comment_status":"closed","ping_status":"open","template":"","meta":[],"aioseo_notices":[],"_links":{"self":[{"href":"https:\/\/scalab.dimes.unical.it\/marozzo\/wp-json\/wp\/v2\/pages\/45"}],"collection":[{"href":"https:\/\/scalab.dimes.unical.it\/marozzo\/wp-json\/wp\/v2\/pages"}],"about":[{"href":"https:\/\/scalab.dimes.unical.it\/marozzo\/wp-json\/wp\/v2\/types\/page"}],"author":[{"embeddable":true,"href":"https:\/\/scalab.dimes.unical.it\/marozzo\/wp-json\/wp\/v2\/users\/4"}],"replies":[{"embeddable":true,"href":"https:\/\/scalab.dimes.unical.it\/marozzo\/wp-json\/wp\/v2\/comments?post=45"}],"version-history":[{"count":8,"href":"https:\/\/scalab.dimes.unical.it\/marozzo\/wp-json\/wp\/v2\/pages\/45\/revisions"}],"predecessor-version":[{"id":934,"href":"https:\/\/scalab.dimes.unical.it\/marozzo\/wp-json\/wp\/v2\/pages\/45\/revisions\/934"}],"wp:attachment":[{"href":"https:\/\/scalab.dimes.unical.it\/marozzo\/wp-json\/wp\/v2\/media?parent=45"}],"curies":[{"name":"wp","href":"https:\/\/api.w.org\/{rel}","templated":true}]}}